{"id":2,"date":"2008-08-05T19:43:12","date_gmt":"2008-08-05T19:43:12","guid":{"rendered":"http:\/\/testaccount.edu\/wordpress\/?page_id=2"},"modified":"2021-04-10T18:21:19","modified_gmt":"2021-04-10T16:21:19","slug":"impressum","status":"publish","type":"page","link":"https:\/\/ra-kanzlei-hamm.de\/ru\/impressum\/","title":{"rendered":"\u0418\u043c\u043f\u0440\u0435\u0441\u0441\u0443\u043c"},"content":{"rendered":"<h2>RECHTSANWALTSKANZLEI<br \/>\nLARISSA HAMM<\/h2>\n<p>Kontakt:<\/p>\n<p>Christophstr. 3<br \/>\nD-70178 Stuttgart<\/p>\n<p><strong>Telefon:<\/strong> 07 11 \/ 25 29 85 85<br \/>\n<strong>Telefax:<\/strong> 07 11 \/ 25 29 85 88<\/p>\n<p>E-Mail: <a href=\"mailto:info@ra-kanzlei-hamm.de\">info@ra-kanzlei-hamm.de<\/a><br \/>\nWeb: <a href=\"http:\/\/www.ra-kanzlei-hamm.de\">www.ra-kanzlei-hamm.de<\/a><\/p>\n<h2 style=\"text-align: center;\">Berufsbezeichnung und zust\u00e4ndige Aufsichtsbeh\u00f6rde:<\/h2>\n<p>Die Rechtsanw\u00e4ltin der Kanzlei ist nach dem Recht der Bundesrepublik Deutschland zugelassen und ist Mitglied der Rechtsanwaltskammer f\u00fcr den Oberlandesgerichtsbezirk Stuttgart, K\u00f6nigstra\u00dfe 14, 70173 Stuttgart, Tel.: 07 11 \/ 22 21 55-0, Fax: 07 11 \/ 22 21 55-11, E-Mail: <a href=\"mailto:info@rak-stuttgart.de\">info@rak-stuttgart.de<\/a>, <a href=\"http:\/\/www.rak-stuttgart.de\" rel=\"nofollow\">www.rak-stuttgart.de<\/a><\/p>\n<h2 style=\"text-align: center;\">Umsatzsteueridentifikationsnummer (\u00a7 27 a UStG):<\/h2>\n<p>USt-IdNr. DE 243826492<\/p>\n<h2 style=\"text-align: center;\">Berufshaftpflichtversicherung:<\/h2>\n<p>Allianz Versicherungs-AG in 10900 Berlin<br \/>\nR\u00e4umlicher Geltungsbereich: im gesamten EU-Gebiet und den Staaten des Abkommens \u00fcber den Europ\u00e4ischen Wirtschaftsraum.<\/p>\n<h2 style=\"text-align: center;\">Berufsrechtliche Regelungen f\u00fcr Rechtsanw\u00e4lte:<\/h2>\n<p>Bundesrechtsanwaltsordnung (BRAO)<br \/>\nBerufsordnung f\u00fcr Rechtsanw\u00e4lte (BORA)<br \/>\nFachanwaltsordnung (FAO)<br \/>\nRechtsanwaltsverg\u00fctungsgesetz (RVG)<br \/>\nBerufsregeln der Rechtsanw\u00e4lte der europ\u00e4ischen Gemeinschaft (CCBE)<\/p>\n<p>Die genannten Vorschriften k\u00f6nnen Sie auf der Internetseite der Bundesrechtsanwaltskammer unter <a href=\"http:\/\/www.brak.de\">www.brak.de<\/a> (dort unter \u201cBerufsrecht\u201d) auf deutsch und englisch einsehen und abrufen.<\/p>\n<h2 style=\"text-align: center;\">Au\u00dfergerichtliche Streitschlichtung<\/h2>\n<p>Bei Streitigkeiten zwischen Rechtsanw\u00e4lten und ihren Auftraggebern besteht auf Antrag die M\u00f6glichkeit der au\u00dfergerichtlichen Streitschlichtung bei der regionalen Rechtsanwaltskammer Stuttgart (gem. \u00a7\u00a7 73 Abs. 2 Nr. 3 i.V.m. 73 Abs. 5 BRAO) oder bei der Schlichtungsstelle der Rechtsanwaltschaft (\u00a7 191 f BRAO) bei der Bundesrechtsanwaltskammer, im Internet zu finden \u00fcber die Homepage der Bundesrechtsanwaltskammer <a href=\"http:\/\/www.brak.de\">www.brak.de<\/a>, E-Mail: <a href=\"mailto:schlichtungsstelle@brak.de\">schlichtungsstelle@brak.de<\/a>.<\/p>\n<h2 style=\"text-align: center;\">Alternative Streitbeilegung \u2013 Europ\u00e4ischen Onlinestreitbeilegungs-Plattform (OS-Plattform)<\/h2>\n<p style=\"text-align: left;\">Seit dem 09.01.2016 gilt die sog. ODR-Verordnung (Verordnung (EU) Nr. 524\/2013). Diese sieht die Einrichtung einer europ\u00e4ischen Onlinestreitbeilegungs-Plattform (OS-Plattform) zur au\u00dfergerichtlichen Regelung von Streitigkeiten zwischen Verbrauchern und Unternehmen bei Online-K\u00e4ufen vor. Die OS-Plattform ist unter folgendem Link zu finden: http:\/\/ec.europa.eu\/consumers\/odr\/<\/p>\n<p style=\"text-align: left;\">Unsere E-Mail Adresse lautet: info@ra-kanzlei-hamm.de<\/p>\n<h2>Disclaimer &#8211; rechtliche Hinweise<\/h2>\n<h2>1. Haftungsbeschr\u00e4nkung<\/h2>\n<p>Die Inhalte dieser Website werden mit gr\u00f6\u00dftm\u00f6glicher Sorgfalt erstellt. Der Anbieter \u00fcbernimmt jedoch keine Gew\u00e4hr f\u00fcr die Richtigkeit, Vollst\u00e4ndigkeit und Aktualit\u00e4t der bereitgestellten Inhalte. Die Nutzung der Inhalte der Website erfolgt auf eigene Gefahr des Nutzers. Namentlich gekennzeichnete Beitr\u00e4ge geben die Meinung des jeweiligen Autors und nicht immer die Meinung des Anbieters wieder. Mit der reinen Nutzung der Website des Anbieters kommt keinerlei Vertragsverh\u00e4ltnis zwischen dem Nutzer und dem Anbieter zustande.<\/p>\n<h2>2. Externe Links<\/h2>\n<p>Diese Website enth\u00e4lt Verkn\u00fcpfungen zu Websites Dritter (&#8222;externe Links&#8220;). Diese Websites unterliegen der Haftung der jeweiligen Betreiber. Der Anbieter hat bei der erstmaligen Verkn\u00fcpfung der externen Links die fremden Inhalte daraufhin \u00fcberpr\u00fcft, ob etwaige Rechtsverst\u00f6\u00dfe bestehen. Zu dem Zeitpunkt waren keine Rechtsverst\u00f6\u00dfe ersichtlich. Der Anbieter hat keinerlei Einfluss auf die aktuelle und zuk\u00fcnftige Gestaltung und auf die Inhalte der verkn\u00fcpften Seiten. Das Setzen von externen Links bedeutet nicht,<br \/>\ndass sich der Anbieter die hinter dem Verweis oder Link liegenden Inhalte zu Eigen macht. Eine st\u00e4ndige Kontrolle dieser externen Links ist f\u00fcr den Anbieter ohne konkrete Hinweise auf Rechtsverst\u00f6\u00dfe nicht zumutbar. Bei Kenntnis von Rechtsverst\u00f6\u00dfen werden jedoch derartige externe Links unverz\u00fcglich gel\u00f6scht.<\/p>\n<h2>3. Urheber- und Leistungsschutzrechte<\/h2>\n<p>Die auf dieser Website ver\u00f6ffentlichten Inhalte unterliegen dem deutschen Urheber- und Leistungsschutzrecht. Jede vom deutschen Urheber- und Leistungsschutzrecht nicht zugelassene Verwertung bedarf der vorherigen schriftlichen Zustimmung des Anbieters oder jeweiligen Rechteinhabers. Dies gilt insbesondere f\u00fcr Vervielf\u00e4ltigung, Bearbeitung, \u00dcbersetzung, Einspeicherung, Verarbeitung bzw. Wiedergabe von Inhalten in Datenbanken oder anderen elektronischen Medien und Systemen. Inhalte und Rechte Dritter sind dabei als solche gekennzeichnet. Die unerlaubte Vervielf\u00e4ltigung oder Weitergabe einzelner Inhalte oder kompletter Seiten ist nicht gestattet und strafbar. Lediglich die Herstellung von Kopien und Downloads f\u00fcr den pers\u00f6nlichen, privaten und nicht kommerziellen Gebrauch ist erlaubt.<\/p>\n<p>Die Darstellung dieser Website in fremden Frames ist nur mit schriftlicher Erlaubnis zul\u00e4ssig.<\/p>\n<h2>4. Datenschutz<\/h2>\n<p>Durch den Besuch der Website des Anbieters k\u00f6nnen Informationen \u00fcber den Zugriff (Datum, Uhrzeit, betrachtete Seite) gespeichert werden. Diese Daten geh\u00f6ren nicht zu den personenbezogenen Daten, sondern sind anonymisiert. Sie werden ausschlie\u00dflich zu statistischen Zwecken ausgewertet. Eine Weitergabe an Dritte, zu kommerziellen oder nichtkommerziellen Zwecken, findet nicht statt.<\/p>\n<p>Der Anbieter weist ausdr\u00fccklich darauf hin, dass die Daten\u00fcbertragung im Internet (z.B. bei der Kommunikation per E-Mail) Sicherheitsl\u00fccken aufweisen und nicht l\u00fcckenlos vor dem Zugriff durch Dritte gesch\u00fctzt werden kann.<\/p>\n<p>Die Verwendung der Kontaktdaten des Impressums zur gewerblichen Werbung ist ausdr\u00fccklich nicht erw\u00fcnscht, es sei denn der Anbieter hatte zuvor seine schriftliche Einwilligung erteilt oder es besteht bereits eine Gesch\u00e4ftsbeziehung. Der Anbieter und alle auf dieser Website genannten Personen widersprechen hiermit jeder kommerziellen Verwendung und Weitergabe ihrer Daten.<\/p>\n<h2>5. Besondere Nutzungsbedingungen<\/h2>\n<p>Soweit besondere Bedingungen f\u00fcr einzelne Nutzungen dieser Website von den vorgenannten Nummern 1. bis 4. abweichen, wird an entsprechender Stelle ausdr\u00fccklich darauf hingewiesen. In diesem Falle gelten im jeweiligen Einzelfall die besonderen Nutzungsbedingungen.<\/p>\n<p>Verantwortlich f\u00fcr die Inhalte dieser Seite im Sinne des TMG ist Rechtsanw\u00e4ltin Larissa Hamm.<\/p>\n<h2>Bildquellen<\/h2>\n<p>Fotolia.com<\/p>\n","protected":false},"excerpt":{"rendered":"<p>RECHTSANWALTSKANZLEI LARISSA HAMM Kontakt: Christophstr. 3 D-70178 Stuttgart Telefon: 07 11 \/ 25 29 85 85 Telefax: 07 11 \/ 25 29 85 88 E-Mail: info@ra-kanzlei-hamm.de Web: www.ra-kanzlei-hamm.de Berufsbezeichnung und zust\u00e4ndige Aufsichtsbeh\u00f6rde: Die Rechtsanw\u00e4ltin der Kanzlei ist nach dem Recht der Bundesrepublik Deutschland zugelassen und ist Mitglied der Rechtsanwaltskammer f\u00fcr den Oberlandesgerichtsbezirk Stuttgart, K\u00f6nigstra\u00dfe 14, [&hellip;]<\/p>\n","protected":false},"author":4,"featured_media":0,"parent":0,"menu_order":9,"comment_status":"open","ping_status":"open","template":"","meta":[],"_links":{"self":[{"href":"https:\/\/ra-kanzlei-hamm.de\/ru\/wp-json\/wp\/v2\/pages\/2"}],"collection":[{"href":"https:\/\/ra-kanzlei-hamm.de\/ru\/wp-json\/wp\/v2\/pages"}],"about":[{"href":"https:\/\/ra-kanzlei-hamm.de\/ru\/wp-json\/wp\/v2\/types\/page"}],"author":[{"embeddable":true,"href":"https:\/\/ra-kanzlei-hamm.de\/ru\/wp-json\/wp\/v2\/users\/4"}],"replies":[{"embeddable":true,"href":"https:\/\/ra-kanzlei-hamm.de\/ru\/wp-json\/wp\/v2\/comments?post=2"}],"version-history":[{"count":6,"href":"https:\/\/ra-kanzlei-hamm.de\/ru\/wp-json\/wp\/v2\/pages\/2\/revisions"}],"predecessor-version":[{"id":1359,"href":"https:\/\/ra-kanzlei-hamm.de\/ru\/wp-json\/wp\/v2\/pages\/2\/revisions\/1359"}],"wp:attachment":[{"href":"https:\/\/ra-kanzlei-hamm.de\/ru\/wp-json\/wp\/v2\/media?parent=2"}],"curies":[{"name":"wp","href":"https:\/\/api.w.org\/{rel}","templated":true}]}}